{"id":44,"date":"2024-02-19T10:00:38","date_gmt":"2024-02-19T13:00:38","guid":{"rendered":"https:\/\/stattus4.com\/?page_id=44"},"modified":"2024-06-28T10:19:31","modified_gmt":"2024-06-28T13:19:31","slug":"nosso-dna","status":"publish","type":"page","link":"https:\/\/stattus4.com\/es\/institucional\/nosso-dna\/","title":{"rendered":"Nuestro ADN"},"content":{"rendered":"","protected":false},"excerpt":{"rendered":"","protected":false},"author":1,"featured_media":331,"parent":37,"menu_order":0,"comment_status":"closed","ping_status":"closed","template":"","meta":{"_acf_changed":false,"footnotes":""},"class_list":["post-44","page","type-page","status-publish","has-post-thumbnail","hentry"],"acf":[],"yoast_head":"<!-- This site is optimized with the Yoast SEO plugin v27.3 - https:\/\/yoast.com\/product\/yoast-seo-wordpress\/ -->\n<title>Nosso DNA - Stattus4<\/title>\n<meta name=\"robots\" content=\"index, follow, max-snippet:-1, max-image-preview:large, max-video-preview:-1\" \/>\n<link rel=\"canonical\" href=\"https:\/\/stattus4.com\/es\/institucional\/nosso-dna\/\" \/>\n<meta property=\"og:locale\" content=\"es_ES\" \/>\n<meta property=\"og:type\" content=\"article\" \/>\n<meta property=\"og:title\" content=\"Nosso DNA - Stattus4\" \/>\n<meta property=\"og:url\" content=\"https:\/\/stattus4.com\/es\/institucional\/nosso-dna\/\" \/>\n<meta property=\"og:site_name\" content=\"Stattus4\" \/>\n<meta property=\"article:modified_time\" content=\"2024-06-28T13:19:31+00:00\" \/>\n<meta property=\"og:image\" content=\"https:\/\/stattus4.com\/wp-content\/uploads\/2024\/04\/imagem-textura-agua-roxa-stattus4.jpg\" \/>\n\t<meta property=\"og:image:width\" content=\"1920\" \/>\n\t<meta property=\"og:image:height\" content=\"1080\" \/>\n\t<meta property=\"og:image:type\" content=\"image\/jpeg\" \/>\n<meta name=\"twitter:card\" content=\"summary_large_image\" \/>\n<meta name=\"twitter:label1\" content=\"Tiempo de lectura\" \/>\n\t<meta name=\"twitter:data1\" content=\"1 minuto\" \/>\n<script type=\"application\/ld+json\" class=\"yoast-schema-graph\">{\"@context\":\"https:\\\/\\\/schema.org\",\"@graph\":[{\"@type\":\"WebPage\",\"@id\":\"https:\\\/\\\/stattus4.com\\\/institucional\\\/nosso-dna\\\/\",\"url\":\"https:\\\/\\\/stattus4.com\\\/institucional\\\/nosso-dna\\\/\",\"name\":\"Nosso DNA - Stattus4\",\"isPartOf\":{\"@id\":\"https:\\\/\\\/stattus4.com\\\/#website\"},\"primaryImageOfPage\":{\"@id\":\"https:\\\/\\\/stattus4.com\\\/institucional\\\/nosso-dna\\\/#primaryimage\"},\"image\":{\"@id\":\"https:\\\/\\\/stattus4.com\\\/institucional\\\/nosso-dna\\\/#primaryimage\"},\"thumbnailUrl\":\"https:\\\/\\\/stattus4.com\\\/wp-content\\\/uploads\\\/2024\\\/04\\\/imagem-textura-agua-roxa-stattus4.jpg\",\"datePublished\":\"2024-02-19T13:00:38+00:00\",\"dateModified\":\"2024-06-28T13:19:31+00:00\",\"breadcrumb\":{\"@id\":\"https:\\\/\\\/stattus4.com\\\/institucional\\\/nosso-dna\\\/#breadcrumb\"},\"inLanguage\":\"es\",\"potentialAction\":[{\"@type\":\"ReadAction\",\"target\":[\"https:\\\/\\\/stattus4.com\\\/institucional\\\/nosso-dna\\\/\"]}]},{\"@type\":\"ImageObject\",\"inLanguage\":\"es\",\"@id\":\"https:\\\/\\\/stattus4.com\\\/institucional\\\/nosso-dna\\\/#primaryimage\",\"url\":\"https:\\\/\\\/stattus4.com\\\/wp-content\\\/uploads\\\/2024\\\/04\\\/imagem-textura-agua-roxa-stattus4.jpg\",\"contentUrl\":\"https:\\\/\\\/stattus4.com\\\/wp-content\\\/uploads\\\/2024\\\/04\\\/imagem-textura-agua-roxa-stattus4.jpg\",\"width\":1920,\"height\":1080},{\"@type\":\"BreadcrumbList\",\"@id\":\"https:\\\/\\\/stattus4.com\\\/institucional\\\/nosso-dna\\\/#breadcrumb\",\"itemListElement\":[{\"@type\":\"ListItem\",\"position\":1,\"name\":\"In\u00edcio\",\"item\":\"https:\\\/\\\/stattus4.com\\\/\"},{\"@type\":\"ListItem\",\"position\":2,\"name\":\"Institucional\",\"item\":\"https:\\\/\\\/stattus4.com\\\/institucional\\\/\"},{\"@type\":\"ListItem\",\"position\":3,\"name\":\"Nosso DNA\"}]},{\"@type\":\"WebSite\",\"@id\":\"https:\\\/\\\/stattus4.com\\\/#website\",\"url\":\"https:\\\/\\\/stattus4.com\\\/\",\"name\":\"Stattus4\",\"description\":\"Desenvolvemos solu\u00e7\u00f5es que visam a economia de \u00e1gua atrav\u00e9s da detec\u00e7\u00e3o precoce de vazamentos e inconsist\u00eancias do consumo.\",\"potentialAction\":[{\"@type\":\"SearchAction\",\"target\":{\"@type\":\"EntryPoint\",\"urlTemplate\":\"https:\\\/\\\/stattus4.com\\\/?s={search_term_string}\"},\"query-input\":{\"@type\":\"PropertyValueSpecification\",\"valueRequired\":true,\"valueName\":\"search_term_string\"}}],\"inLanguage\":\"es\"}]}<\/script>\n<!-- \/ Yoast SEO plugin. -->","yoast_head_json":{"title":"Nuestro ADN - Stattus4","robots":{"index":"index","follow":"follow","max-snippet":"max-snippet:-1","max-image-preview":"max-image-preview:large","max-video-preview":"max-video-preview:-1"},"canonical":"https:\/\/stattus4.com\/es\/institucional\/nosso-dna\/","og_locale":"es_ES","og_type":"article","og_title":"Nosso DNA - Stattus4","og_url":"https:\/\/stattus4.com\/es\/institucional\/nosso-dna\/","og_site_name":"Stattus4","article_modified_time":"2024-06-28T13:19:31+00:00","og_image":[{"width":1920,"height":1080,"url":"https:\/\/stattus4.com\/wp-content\/uploads\/2024\/04\/imagem-textura-agua-roxa-stattus4.jpg","type":"image\/jpeg"}],"twitter_card":"summary_large_image","twitter_misc":{"Tiempo de lectura":"1 minuto"},"schema":{"@context":"https:\/\/schema.org","@graph":[{"@type":"WebPage","@id":"https:\/\/stattus4.com\/institucional\/nosso-dna\/","url":"https:\/\/stattus4.com\/institucional\/nosso-dna\/","name":"Nuestro ADN - Stattus4","isPartOf":{"@id":"https:\/\/stattus4.com\/#website"},"primaryImageOfPage":{"@id":"https:\/\/stattus4.com\/institucional\/nosso-dna\/#primaryimage"},"image":{"@id":"https:\/\/stattus4.com\/institucional\/nosso-dna\/#primaryimage"},"thumbnailUrl":"https:\/\/stattus4.com\/wp-content\/uploads\/2024\/04\/imagem-textura-agua-roxa-stattus4.jpg","datePublished":"2024-02-19T13:00:38+00:00","dateModified":"2024-06-28T13:19:31+00:00","breadcrumb":{"@id":"https:\/\/stattus4.com\/institucional\/nosso-dna\/#breadcrumb"},"inLanguage":"es","potentialAction":[{"@type":"ReadAction","target":["https:\/\/stattus4.com\/institucional\/nosso-dna\/"]}]},{"@type":"ImageObject","inLanguage":"es","@id":"https:\/\/stattus4.com\/institucional\/nosso-dna\/#primaryimage","url":"https:\/\/stattus4.com\/wp-content\/uploads\/2024\/04\/imagem-textura-agua-roxa-stattus4.jpg","contentUrl":"https:\/\/stattus4.com\/wp-content\/uploads\/2024\/04\/imagem-textura-agua-roxa-stattus4.jpg","width":1920,"height":1080},{"@type":"BreadcrumbList","@id":"https:\/\/stattus4.com\/institucional\/nosso-dna\/#breadcrumb","itemListElement":[{"@type":"ListItem","position":1,"name":"In\u00edcio","item":"https:\/\/stattus4.com\/"},{"@type":"ListItem","position":2,"name":"Institucional","item":"https:\/\/stattus4.com\/institucional\/"},{"@type":"ListItem","position":3,"name":"Nosso DNA"}]},{"@type":"WebSite","@id":"https:\/\/stattus4.com\/#website","url":"https:\/\/stattus4.com\/","name":"Estado4","description":"Desarrollamos soluciones que tienen como objetivo el ahorro de agua mediante la detecci\u00f3n temprana de fugas e inconsistencias en el consumo.","potentialAction":[{"@type":"SearchAction","target":{"@type":"EntryPoint","urlTemplate":"https:\/\/stattus4.com\/?s={search_term_string}"},"query-input":{"@type":"PropertyValueSpecification","valueRequired":true,"valueName":"search_term_string"}}],"inLanguage":"es"}]}},"_links":{"self":[{"href":"https:\/\/stattus4.com\/es\/wp-json\/wp\/v2\/pages\/44","targetHints":{"allow":["GET"]}}],"collection":[{"href":"https:\/\/stattus4.com\/es\/wp-json\/wp\/v2\/pages"}],"about":[{"href":"https:\/\/stattus4.com\/es\/wp-json\/wp\/v2\/types\/page"}],"author":[{"embeddable":true,"href":"https:\/\/stattus4.com\/es\/wp-json\/wp\/v2\/users\/1"}],"replies":[{"embeddable":true,"href":"https:\/\/stattus4.com\/es\/wp-json\/wp\/v2\/comments?post=44"}],"version-history":[{"count":22,"href":"https:\/\/stattus4.com\/es\/wp-json\/wp\/v2\/pages\/44\/revisions"}],"predecessor-version":[{"id":551,"href":"https:\/\/stattus4.com\/es\/wp-json\/wp\/v2\/pages\/44\/revisions\/551"}],"up":[{"embeddable":true,"href":"https:\/\/stattus4.com\/es\/wp-json\/wp\/v2\/pages\/37"}],"wp:featuredmedia":[{"embeddable":true,"href":"https:\/\/stattus4.com\/es\/wp-json\/wp\/v2\/media\/331"}],"wp:attachment":[{"href":"https:\/\/stattus4.com\/es\/wp-json\/wp\/v2\/media?parent=44"}],"curies":[{"name":"gracias","href":"https:\/\/api.w.org\/{rel}","templated":true}]}}