{"id":268,"date":"2024-03-08T14:06:01","date_gmt":"2024-03-08T17:06:01","guid":{"rendered":"https:\/\/stattus4.com\/?page_id=268"},"modified":"2024-04-12T13:15:48","modified_gmt":"2024-04-12T16:15:48","slug":"politica-de-privacidade","status":"publish","type":"page","link":"https:\/\/stattus4.com\/es\/politica-de-privacidade\/","title":{"rendered":"Pol\u00edtica de privacidad"},"content":{"rendered":"<ol class=\"wp-block-list\">\n<li><strong>INTRODUCCI\u00d3N<\/strong><\/li>\n<\/ol>\n\n\n\n<p>Esta Pol\u00edtica de Privacidad y Protecci\u00f3n de Datos Personales fue elaborada en cumplimiento de lo dispuesto en la Ley Federal N\u00b0 13.709\/2018 \u2013 Ley General de Protecci\u00f3n de Datos Personales (\u201cLGPD\u201d) con el fin de definir las reglas y aclarar los derechos relacionados con la privacidad y la protecci\u00f3n. de datos personales de los usuarios del sitio web https:\/\/stattus4.com\/, tratados durante su acceso, experiencia o relaci\u00f3n con STATTUS4 CIDADES INTELIGENTES E SUSTENTABILIDADE LTDA., con sede en la ciudad de Sorocaba, Estado de S\u00e3o Paulo, en Rua Eliamara de Oliveira, n\u00ba 72, Jardim do Pa\u00e7o CEP 18.087-086, registrada en el CNPJ\/ME con el n\u00ba 20.266.531\/0001-38 (\u201cStattus4\u201d o \u201cNosotros\u201d). Con el fin de reforzar el compromiso de Stattus4 con la cultura de privacidad y seguridad de la informaci\u00f3n, esta pol\u00edtica cumple con su rol formal y legal.<\/p>\n\n\n\n<ol class=\"wp-block-list\" start=\"2\">\n<li><strong>SOLICITUD<\/strong><\/li>\n<\/ol>\n\n\n\n<p>Se aplica a Stattus4, en cumplimiento de la LGPD, como destinatario de los datos personales eventualmente facilitados por los usuarios del sitio web https:\/\/stattus4.com\/, as\u00ed como a todos y cada uno de los titulares cuyos datos personales puedan eventualmente ser tratados por Stattus4 ( ej., empleados, clientes, empleados de clientes, nuestros proveedores y otros socios) y por los cuales Stattus4 se hace responsable \u2013 a partir de la respectiva recopilaci\u00f3n \u2013 del uso, almacenamiento y protecci\u00f3n como controlador de la informaci\u00f3n proporcionada de acuerdo con la definici\u00f3n legal.<\/p>\n\n\n\n<ol class=\"wp-block-list\" start=\"3\">\n<li><strong>DATOS PERSONALES RECOPILADOS<\/strong><\/li>\n<\/ol>\n\n\n\n<p>Al navegar por nuestra web y\/o contratar alguno de nuestros servicios, podremos recopilar los siguientes datos personales: \u00bb Datos de identificaci\u00f3n directa proporcionados por el usuario en el formulario de contacto: nombre y apellidos, correo electr\u00f3nico, tel\u00e9fono, empresa donde trabaja \u00bb Datos de geolocalizaci\u00f3n e IP direcci\u00f3n \u00bb Otras m\u00e9tricas de identificaci\u00f3n indirectas recopiladas a trav\u00e9s de fragmentos de terceros (por ejemplo, Google, Facebook).<\/p>\n\n\n\n<ol class=\"wp-block-list\" start=\"4\">\n<li><strong>FINALIDADES DEL TRATAMIENTO DE DATOS PERSONALES<\/strong><\/li>\n<\/ol>\n\n\n\n<p>Utilizamos los datos personales recopilados exclusivamente para: \u00bb Recibir contacto de los usuarios del sitio web; \u00bb Contacto comercial para el equipo de ventas; \u00bb Cumplimiento de obligaciones legales y reglamentarias; \u00bb Divulgaciones de marketing de Status4, como a trav\u00e9s de boletines informativos y WhatsApp; \u00bb Realizar otras actividades esenciales para regular las operaciones de Stattus4, en el \u00e1mbito de su objeto social.<\/p>\n\n\n\n<ol class=\"wp-block-list\" start=\"5\">\n<li><strong>INTERCAMBIO DE DATOS PERSONALES<\/strong><\/li>\n<\/ol>\n\n\n\n<p>Todos los datos, informaci\u00f3n y comunicaciones recopiladas son considerados confidenciales por nuestra parte, y no ser\u00e1n proporcionados a terceros, excepto en los casos previstos en esta Pol\u00edtica. Para desarrollar y mejorar los Servicios proporcionados por Stattus4, podemos contratar proveedores de servicios externos para realizar ciertas operaciones comerciales en nombre de Stattus4. Al hacerlo, es posible que necesitemos compartir su informaci\u00f3n personal con ellos. Proporcionamos a nuestros proveedores de servicios solo la informaci\u00f3n personal que necesitan para realizar los servicios que solicitamos, y les exigimos que protejan esta informaci\u00f3n y no la utilicen para ning\u00fan otro prop\u00f3sito. Stattus4 tambi\u00e9n puede divulgar sus datos personales a terceros, como proveedores de Stattus4 para nuestro negocio, como gesti\u00f3n de n\u00f3mina, soporte t\u00e9cnico, operaci\u00f3n de sistemas de TI. Adem\u00e1s, podremos revelar sus datos en caso de: determinaci\u00f3n judicial, orden de autoridad competente o la necesidad de defender nuestros derechos en procedimientos judiciales o administrativos. Adicionalmente, es posible que algunas de las transferencias mencionadas anteriormente se produzcan a destinatarios ubicados fuera del territorio nacional. En esta circunstancia, las partes se comprometen a hacerlo \u00fanicamente en pa\u00edses que proporcionen un grado de protecci\u00f3n de los datos personales acorde con las mejores pr\u00e1cticas, respetando siempre la legislaci\u00f3n vigente, brindando as\u00ed a los usuarios garant\u00edas de salvaguarda de sus datos, con cl\u00e1usulas contractuales espec\u00edficas, sin que existan cl\u00e1usulas contractuales espec\u00edficas. perjuicio de la recogida previa de su respectivo consentimiento espec\u00edfico, cuando corresponda.<\/p>\n\n\n\n<ol class=\"wp-block-list\" start=\"6\">\n<li><strong>DATOS PERSONALES SEGUROS<\/strong><\/li>\n<\/ol>\n\n\n\n<p>Stattus4 adopta diversas precauciones, en cumplimiento de las directrices sobre normas, directrices, est\u00e1ndares y pr\u00e1cticas de seguridad establecidas en la legislaci\u00f3n aplicable, incluida la LGPD. El acceso a la informaci\u00f3n recopilada est\u00e1 restringido a empleados y personas autorizadas. Quienes hagan mal uso de esta informaci\u00f3n, en violaci\u00f3n de lo dispuesto en este documento, estar\u00e1n sujetos a las sanciones disciplinarias y legales aplicables. En caso de un incidente de esta naturaleza, Stattus4 enfatiza que har\u00e1 todos los esfuerzos posibles para remediar y\/o minimizar las consecuencias del incidente, siempre cumpliendo con las mejores pr\u00e1cticas de Seguridad de la Informaci\u00f3n, con el objetivo de brindar una experiencia segura y optimizada para sus usuarios.<\/p>\n\n\n\n<ol class=\"wp-block-list\" start=\"7\">\n<li><strong>STATTUS4 COMO RESPONSABLE DEL RESPONSABLE DE DATOS PERSONALES<\/strong><\/li>\n<\/ol>\n\n\n\n<p>Stattus4 es directamente responsable de los datos personales, pero puede haber situaciones en las que Stattus4 no sea directamente responsable, sino simplemente una entidad que procesa datos personales para terceros, calificada como operador. Cuando Stattus4 procesa datos personales como portador de datos personales, esto es ordenado por un tercero y Stattus4 est\u00e1 sujeto a las instrucciones dadas por el tercero. En estas situaciones, Stattus4 no puede garantizar que dicho procesamiento se lleve a cabo de acuerdo con esta Pol\u00edtica de Privacidad, pero Stattus4 siempre se asegurar\u00e1 de que el procesamiento se realice de acuerdo con la ley aplicable y, en la medida de lo posible, de acuerdo con esta Pol\u00edtica de Privacidad.<\/p>\n\n\n\n<ol class=\"wp-block-list\" start=\"8\">\n<li><strong>CONSERVACI\u00d3N Y ELIMINACI\u00d3N DE DATOS PERSONALES<\/strong><\/li>\n<\/ol>\n\n\n\n<p>Si elige en cualquier momento eliminar sus datos personales del banco de almacenamiento, Stattus4 podr\u00e1 retener algunos datos personales por un per\u00edodo adicional con el fin de cumplir con obligaciones legales o reglamentarias, as\u00ed como para el eventual ejercicio regular de los derechos de Stattus4, como as\u00ed como para efectos de auditor\u00edas y cumplimiento de normas de cumplimiento. Los datos personales se conservar\u00e1n durante el tiempo necesario para cumplir con las citadas obligaciones, respetando siempre los plazos establecidos en la legislaci\u00f3n aplicable.<\/p>\n\n\n\n<ol class=\"wp-block-list\" start=\"9\">\n<li><strong>DERECHOS COMO OBJETO DE DATOS PERSONALES<\/strong><\/li>\n<\/ol>\n\n\n\n<p>Stattus4 reserva a sus usuarios la posibilidad de ejercer los derechos previstos en la LGPD, pudiendo presentar solicitudes relacionadas con sus datos personales, tales como:<br>a) Confirmaci\u00f3n de la existencia del tratamiento;<br>b) Acceso a datos personales;<br>c) Correcci\u00f3n de datos incompletos, inexactos o desactualizados;<br>d) Anonimizaci\u00f3n, bloqueo o supresi\u00f3n de datos innecesarios, excesivos o supuestamente tratados en incumplimiento de la LGPD, salvo en los casos previstos por la Ley;<br>e) Portabilidad de los datos a otro proveedor de servicios o productos, previa solicitud expresa del usuario;<br>f) Eliminaci\u00f3n de los datos tratados con el consentimiento del usuario, salvo en los casos previstos por la ley;<br>g) Obtener informaci\u00f3n sobre las entidades con las que comparti\u00f3 sus datos;<br>h) Informaci\u00f3n sobre la posibilidad de que el usuario no preste su consentimiento, as\u00ed como ser informado sobre las consecuencias en caso de negarse;<br>i) Informaci\u00f3n relacionada con el procesamiento, almacenamiento y destino de datos personales, en el \u00e1mbito de la LGPD;<br>j) Revocaci\u00f3n del consentimiento. Para ejercer los derechos indicados anteriormente, por favor p\u00f3ngase en contacto con nosotros a trav\u00e9s del correo electr\u00f3nico contato.lgpd@stattus4.com<\/p>\n\n\n\n<ol class=\"wp-block-list\" start=\"10\">\n<li><strong>CAMBIOS A LA POL\u00cdTICA DE PRIVACIDAD<\/strong><\/li>\n<\/ol>\n\n\n\n<p>Stattus4 refuerza su compromiso con la privacidad de la informaci\u00f3n facilitada mediante la mejora continua y la mejora de la experiencia y seguridad de sus usuarios. Por lo tanto, las pr\u00e1cticas de procesamiento de datos personales pueden sufrir cambios futuros para reflejar posibles cambios, siempre hacia las mejores pr\u00e1cticas del segmento. Cualquier actualizaci\u00f3n realizada estar\u00e1 disponible en el sitio web de Stattus4, y dichos cambios ser\u00e1n v\u00e1lidos, efectivos y vinculantes en el sitio web. Las comunicaciones se realizar\u00e1n a trav\u00e9s de alguno de los canales puestos a disposici\u00f3n de los usuarios durante el registro, cuando corresponda.<\/p>\n\n\n\n<ol class=\"wp-block-list\" start=\"11\">\n<li><strong>CONTACTO<\/strong><\/li>\n<\/ol>\n\n\n\n<p>En caso de dudas o mayores aclaraciones sobre la privacidad o el tratamiento de los datos personales utilizados por Stattus4, los usuarios podr\u00e1n contactar con nosotros v\u00eda correo electr\u00f3nico. <a href=\"mailto:contato.lgpd@stattus4.com\" target=\"_blank\" rel=\"noreferrer noopener\">contato.lgpd@stattus4.com<\/a><\/p>","protected":false},"excerpt":{"rendered":"<p>Esta Pol\u00edtica de Privacidad y Protecci\u00f3n de Datos Personales fue elaborada en cumplimiento de lo dispuesto en la Ley Federal N\u00b0 13.709\/2018 \u2013 Ley General de Protecci\u00f3n de Datos Personales (\u201cLGPD\u201d) con el fin de definir las reglas y\u2026","protected":false},"author":1,"featured_media":0,"parent":0,"menu_order":0,"comment_status":"closed","ping_status":"closed","template":"","meta":{"_acf_changed":false,"footnotes":""},"class_list":["post-268","page","type-page","status-publish","hentry"],"acf":[],"yoast_head":"<!-- This site is optimized with the Yoast SEO plugin v27.3 - https:\/\/yoast.com\/product\/yoast-seo-wordpress\/ -->\n<title>Pol\u00edtica de privacidade - Stattus4<\/title>\n<meta name=\"robots\" content=\"index, follow, max-snippet:-1, max-image-preview:large, max-video-preview:-1\" \/>\n<link rel=\"canonical\" href=\"https:\/\/stattus4.com\/es\/politica-de-privacidade\/\" \/>\n<meta property=\"og:locale\" content=\"es_ES\" \/>\n<meta property=\"og:type\" content=\"article\" \/>\n<meta property=\"og:title\" content=\"Pol\u00edtica de privacidade - Stattus4\" \/>\n<meta property=\"og:description\" content=\"A presente Pol\u00edtica de Privacidade e Prote\u00e7\u00e3o dos Dados Pessoais foi elaborada em cumprimento aos dispositivos previstos na Lei Federal n\u00ba 13.709\/2018 &#8211; Lei Geral de Prote\u00e7\u00e3o de Dados Pessoais (\u201cLGPD\u201d) de modo a definir as regras e esclarecer os direitos relacionados \u00e0 privacidade e prote\u00e7\u00e3o dos dados pessoais dos usu\u00e1rios do website https:\/\/stattus4.com\/, tratados [&hellip;]\" \/>\n<meta property=\"og:url\" content=\"https:\/\/stattus4.com\/es\/politica-de-privacidade\/\" \/>\n<meta property=\"og:site_name\" content=\"Stattus4\" \/>\n<meta property=\"article:modified_time\" content=\"2024-04-12T16:15:48+00:00\" \/>\n<meta name=\"twitter:card\" content=\"summary_large_image\" \/>\n<meta name=\"twitter:label1\" content=\"Tiempo de lectura\" \/>\n\t<meta name=\"twitter:data1\" content=\"7 minutos\" \/>\n<script type=\"application\/ld+json\" class=\"yoast-schema-graph\">{\"@context\":\"https:\\\/\\\/schema.org\",\"@graph\":[{\"@type\":\"WebPage\",\"@id\":\"https:\\\/\\\/stattus4.com\\\/politica-de-privacidade\\\/\",\"url\":\"https:\\\/\\\/stattus4.com\\\/politica-de-privacidade\\\/\",\"name\":\"Pol\u00edtica de privacidade - Stattus4\",\"isPartOf\":{\"@id\":\"https:\\\/\\\/stattus4.com\\\/#website\"},\"datePublished\":\"2024-03-08T17:06:01+00:00\",\"dateModified\":\"2024-04-12T16:15:48+00:00\",\"breadcrumb\":{\"@id\":\"https:\\\/\\\/stattus4.com\\\/politica-de-privacidade\\\/#breadcrumb\"},\"inLanguage\":\"es\",\"potentialAction\":[{\"@type\":\"ReadAction\",\"target\":[\"https:\\\/\\\/stattus4.com\\\/politica-de-privacidade\\\/\"]}]},{\"@type\":\"BreadcrumbList\",\"@id\":\"https:\\\/\\\/stattus4.com\\\/politica-de-privacidade\\\/#breadcrumb\",\"itemListElement\":[{\"@type\":\"ListItem\",\"position\":1,\"name\":\"In\u00edcio\",\"item\":\"https:\\\/\\\/stattus4.com\\\/\"},{\"@type\":\"ListItem\",\"position\":2,\"name\":\"Pol\u00edtica de privacidade\"}]},{\"@type\":\"WebSite\",\"@id\":\"https:\\\/\\\/stattus4.com\\\/#website\",\"url\":\"https:\\\/\\\/stattus4.com\\\/\",\"name\":\"Stattus4\",\"description\":\"Desenvolvemos solu\u00e7\u00f5es que visam a economia de \u00e1gua atrav\u00e9s da detec\u00e7\u00e3o precoce de vazamentos e inconsist\u00eancias do consumo.\",\"potentialAction\":[{\"@type\":\"SearchAction\",\"target\":{\"@type\":\"EntryPoint\",\"urlTemplate\":\"https:\\\/\\\/stattus4.com\\\/?s={search_term_string}\"},\"query-input\":{\"@type\":\"PropertyValueSpecification\",\"valueRequired\":true,\"valueName\":\"search_term_string\"}}],\"inLanguage\":\"es\"}]}<\/script>\n<!-- \/ Yoast SEO plugin. -->","yoast_head_json":{"title":"Pol\u00edtica de privacidad - Stattus4","robots":{"index":"index","follow":"follow","max-snippet":"max-snippet:-1","max-image-preview":"max-image-preview:large","max-video-preview":"max-video-preview:-1"},"canonical":"https:\/\/stattus4.com\/es\/politica-de-privacidade\/","og_locale":"es_ES","og_type":"article","og_title":"Pol\u00edtica de privacidade - Stattus4","og_description":"A presente Pol\u00edtica de Privacidade e Prote\u00e7\u00e3o dos Dados Pessoais foi elaborada em cumprimento aos dispositivos previstos na Lei Federal n\u00ba 13.709\/2018 &#8211; Lei Geral de Prote\u00e7\u00e3o de Dados Pessoais (\u201cLGPD\u201d) de modo a definir as regras e esclarecer os direitos relacionados \u00e0 privacidade e prote\u00e7\u00e3o dos dados pessoais dos usu\u00e1rios do website https:\/\/stattus4.com\/, tratados [&hellip;]","og_url":"https:\/\/stattus4.com\/es\/politica-de-privacidade\/","og_site_name":"Stattus4","article_modified_time":"2024-04-12T16:15:48+00:00","twitter_card":"summary_large_image","twitter_misc":{"Tiempo de lectura":"7 minutos"},"schema":{"@context":"https:\/\/schema.org","@graph":[{"@type":"WebPage","@id":"https:\/\/stattus4.com\/politica-de-privacidade\/","url":"https:\/\/stattus4.com\/politica-de-privacidade\/","name":"Pol\u00edtica de privacidad - Stattus4","isPartOf":{"@id":"https:\/\/stattus4.com\/#website"},"datePublished":"2024-03-08T17:06:01+00:00","dateModified":"2024-04-12T16:15:48+00:00","breadcrumb":{"@id":"https:\/\/stattus4.com\/politica-de-privacidade\/#breadcrumb"},"inLanguage":"es","potentialAction":[{"@type":"ReadAction","target":["https:\/\/stattus4.com\/politica-de-privacidade\/"]}]},{"@type":"BreadcrumbList","@id":"https:\/\/stattus4.com\/politica-de-privacidade\/#breadcrumb","itemListElement":[{"@type":"ListItem","position":1,"name":"In\u00edcio","item":"https:\/\/stattus4.com\/"},{"@type":"ListItem","position":2,"name":"Pol\u00edtica de privacidade"}]},{"@type":"WebSite","@id":"https:\/\/stattus4.com\/#website","url":"https:\/\/stattus4.com\/","name":"Estado4","description":"Desarrollamos soluciones que tienen como objetivo el ahorro de agua mediante la detecci\u00f3n temprana de fugas e inconsistencias en el consumo.","potentialAction":[{"@type":"SearchAction","target":{"@type":"EntryPoint","urlTemplate":"https:\/\/stattus4.com\/?s={search_term_string}"},"query-input":{"@type":"PropertyValueSpecification","valueRequired":true,"valueName":"search_term_string"}}],"inLanguage":"es"}]}},"_links":{"self":[{"href":"https:\/\/stattus4.com\/es\/wp-json\/wp\/v2\/pages\/268","targetHints":{"allow":["GET"]}}],"collection":[{"href":"https:\/\/stattus4.com\/es\/wp-json\/wp\/v2\/pages"}],"about":[{"href":"https:\/\/stattus4.com\/es\/wp-json\/wp\/v2\/types\/page"}],"author":[{"embeddable":true,"href":"https:\/\/stattus4.com\/es\/wp-json\/wp\/v2\/users\/1"}],"replies":[{"embeddable":true,"href":"https:\/\/stattus4.com\/es\/wp-json\/wp\/v2\/comments?post=268"}],"version-history":[{"count":3,"href":"https:\/\/stattus4.com\/es\/wp-json\/wp\/v2\/pages\/268\/revisions"}],"predecessor-version":[{"id":381,"href":"https:\/\/stattus4.com\/es\/wp-json\/wp\/v2\/pages\/268\/revisions\/381"}],"wp:attachment":[{"href":"https:\/\/stattus4.com\/es\/wp-json\/wp\/v2\/media?parent=268"}],"curies":[{"name":"gracias","href":"https:\/\/api.w.org\/{rel}","templated":true}]}}